{"id":1487,"date":"2025-11-24T11:42:35","date_gmt":"2025-11-24T11:42:35","guid":{"rendered":"https:\/\/woodipol.com\/?post_type=product&#038;p=1487"},"modified":"2025-12-25T20:25:56","modified_gmt":"2025-12-25T20:25:56","slug":"mdf-duvar-lambri-panel-12cmx275cm","status":"publish","type":"product","link":"https:\/\/woodipol.com\/en\/product\/mdf-duvar-lambri-panel-12cmx275cm\/","title":{"rendered":"Mdf Wall Paneling Panel 12cmx275cm"},"content":{"rendered":"<p>PRODUCT FEATURES<br \/>\n&#8211; 1. s\u0131n\u0131f ham MDF \u00fczerine folyo kaplamal\u0131d\u0131r.<br \/>\n&#8211; Sa\u011fl\u0131\u011fa zararl\u0131 maddeler i\u00e7ermez ve kokusuzdur.<br \/>\n&#8211; \u00dcr\u00fcn do\u011fa dostu ve y\u00fczeyi suya dayan\u0131kl\u0131d\u0131r.<br \/>\n&#8211; Darbeye dayan\u0131kl\u0131d\u0131r, silinebilir y\u00fcz\u00fcye sahiptir.<br \/>\n&#8211; Son trend renklerle i\u00e7 mekan tasar\u0131mlar\u0131nda dekorasyon zenginli\u011fi yarat\u0131r.<\/p>\n<p>PRODUCT ASSEMBLY<br \/>\n- Before application, you need to clean the floor completely from dust and dirt.<br \/>\n- If there are damaged and unsuitable places for bonding in the area to be applied, they should be repaired.<br \/>\n- You can cut the product in the places you will determine with the help of a miter machine, jigsaw, bristle saw.<br \/>\n- You can squeeze a hazelnut-sized siliconized sealant on the back of the product and stick it to the area you will apply.<br \/>\n&#8211; Gerek duyulmas\u0131 halinde ek yerlerine kompres\u00f6r \u00e7ivi tabancas\u0131 ile \u00fcst ve alttan olacak \u015fekilde uygulamas\u0131n\u0131 yapabilirsiniz.<br \/>\n&#8211; S\u00fcrd\u00fcr\u00fclebilir kilit sistemiyle kolayl\u0131kla montaj\u0131n\u0131 yapabilirsiniz.<br \/>\n&#8211; Montaj hizmetimiz mevcuttur profesyonel destek i\u00e7in bizlerle ileti\u015fime ge\u00e7ebilirsiniz.<\/p>","protected":false},"excerpt":{"rendered":"<p>PRODUCT DIMENSIONS<br \/>\n&#8211; Y\u00fckseklik: 275cm<br \/>\n&#8211; Geni\u015flik: 12cm<br \/>\n&#8211; Kal\u0131nl\u0131k: 1.6cm<\/p>","protected":false},"featured_media":1501,"template":"","meta":[],"product_brand":[],"product_cat":[77,88],"product_tag":[],"class_list":{"0":"post-1487","1":"product","2":"type-product","3":"status-publish","4":"has-post-thumbnail","6":"product_cat-mdf-duvar-paneli","7":"product_cat-12x275-cm","9":"first","10":"instock","11":"shipping-taxable","12":"product-type-simple"},"_links":{"self":[{"href":"https:\/\/woodipol.com\/en\/wp-json\/wp\/v2\/product\/1487","targetHints":{"allow":["GET"]}}],"collection":[{"href":"https:\/\/woodipol.com\/en\/wp-json\/wp\/v2\/product"}],"about":[{"href":"https:\/\/woodipol.com\/en\/wp-json\/wp\/v2\/types\/product"}],"version-history":[{"count":1,"href":"https:\/\/woodipol.com\/en\/wp-json\/wp\/v2\/product\/1487\/revisions"}],"predecessor-version":[{"id":1488,"href":"https:\/\/woodipol.com\/en\/wp-json\/wp\/v2\/product\/1487\/revisions\/1488"}],"wp:featuredmedia":[{"embeddable":true,"href":"https:\/\/woodipol.com\/en\/wp-json\/wp\/v2\/media\/1501"}],"wp:attachment":[{"href":"https:\/\/woodipol.com\/en\/wp-json\/wp\/v2\/media?parent=1487"}],"wp:term":[{"taxonomy":"product_brand","embeddable":true,"href":"https:\/\/woodipol.com\/en\/wp-json\/wp\/v2\/product_brand?post=1487"},{"taxonomy":"product_cat","embeddable":true,"href":"https:\/\/woodipol.com\/en\/wp-json\/wp\/v2\/product_cat?post=1487"},{"taxonomy":"product_tag","embeddable":true,"href":"https:\/\/woodipol.com\/en\/wp-json\/wp\/v2\/product_tag?post=1487"}],"curies":[{"name":"wp","href":"https:\/\/api.w.org\/{rel}","templated":true}]}}