{"id":2358,"date":"2025-12-25T21:16:11","date_gmt":"2025-12-25T21:16:11","guid":{"rendered":"https:\/\/woodipol.com\/?post_type=product&#038;p=2358"},"modified":"2025-12-25T21:24:38","modified_gmt":"2025-12-25T21:24:38","slug":"tugla-desenli-dekoratif-strafor-duvar-paneli","status":"publish","type":"product","link":"https:\/\/woodipol.com\/en\/product\/tugla-desenli-dekoratif-strafor-duvar-paneli\/","title":{"rendered":"Tu\u011fla Desenli Dekoratif Strafor Duvar Paneli"},"content":{"rendered":"<ul>\n<li>Minimum sipari\u015f adeti 10&#8217;dur.<\/li>\n<li>\u00dcr\u00fcn ebatlar\u0131<\/li>\n<li>Y\u00fckseklik : 50 cm<\/li>\n<li>En : 100 cm<\/li>\n<li>Kal\u0131nl\u0131k: 2 cm<\/li>\n<li>PRODUCT FEATURES<\/li>\n<li>-Nem,k\u00fcf ve rutubeti \u00f6nler.<\/li>\n<li>-Is\u0131 yal\u0131t\u0131m\u0131 sa\u011flar.<\/li>\n<li>-Ses yal\u0131t\u0131m\u0131 sa\u011flar.<\/li>\n<li>-\u00dcr\u00fcnlerin yo\u011funlu\u011fu 35\u00a0DNS&#8217;dir.<\/li>\n<li>-Darbe emici \u00f6zelli\u011fe sahiptir.<\/li>\n<li>-Sert s\u00f6ve kaplamal\u0131d\u0131r. Dayan\u0131kl\u0131d\u0131r.<\/li>\n<li>-Hem i\u00e7 hem d\u0131\u015f cephelerde kullan\u0131labilir.<\/li>\n<li>-S\u00fcr yap\u0131\u015ft\u0131r tekni\u011fi ile montaj yap\u0131l\u0131r. Ustaya ve teknik bilgiye ihtiya\u00e7 duyulmadan uygulanabilir.<\/li>\n<li>-B1 Tipi alev y\u00fcr\u00fctmez sertifikas\u0131na sahiptir.<\/li>\n<li>-Tu\u011fla ve ta\u015f g\u00f6rselleri ger\u00e7ek 3D olarak \u00fcretilmektedir.<\/li>\n<li>-Kuru olan her y\u00fczeye uygulanabilir. \u00d6zel bir zemin gerektirmez.<\/li>\n<li>-Do\u011fal ta\u015f uygulamalar\u0131yla k\u0131yasland\u0131\u011f\u0131nda maliyeti 4 kat daha uygundur.<\/li>\n<li>-UV dijital bask\u0131d\u0131r ve g\u00fcne\u015f \u0131\u015f\u0131nlar\u0131na kar\u015f\u0131 dayan\u0131kl\u0131d\u0131r.<\/li>\n<li>\u00dcr\u00fcn Ofis, bah\u00e7e, ev, bah\u00e7e duvar\u0131 ,foto\u011fraf st\u00fcdyolar\u0131, tv \u00fcniteleri, restorant, cafe, fuar standlar\u0131, \u00e7ocuk odalar\u0131, gen\u00e7 odalar\u0131, nemli ve k\u00fcfl\u00fc duvarlara d\u00fcz zeminlerin hepsine g\u00f6n\u00fcl rahatl\u0131\u011f\u0131yla uygulayabilirsiniz.<\/li>\n<li>Zehirli gazlar i\u00e7ermez ve bakteri \u00fcretmez.<\/li>\n<li>Zamanla \u00fcr\u00fcn renginden s\u0131k\u0131lman\u0131z durumunda su bazl\u0131 herhangi bir boya ile rulo yard\u0131m\u0131 ile boyayabilir ve zevikinizi tarz\u0131n\u0131z\u0131 uygulayabilirsiniz.<\/li>\n<li>\u0130ncelemi\u015f oldu\u011funuz \u00fcr\u00fcn\u00fcn sat\u0131\u015f fiyat\u0131n\u0131 sat\u0131c\u0131 belirlemektedir.<\/li>\n<\/ul>","protected":false},"excerpt":{"rendered":"<p><em>sd19<\/p>","protected":false},"featured_media":2360,"template":"","meta":[],"product_brand":[],"product_cat":[76],"product_tag":[],"class_list":{"0":"post-2358","1":"product","2":"type-product","3":"status-publish","4":"has-post-thumbnail","6":"product_cat-eps-duvar-paneli","8":"first","9":"instock","10":"shipping-taxable","11":"product-type-simple"},"_links":{"self":[{"href":"https:\/\/woodipol.com\/en\/wp-json\/wp\/v2\/product\/2358","targetHints":{"allow":["GET"]}}],"collection":[{"href":"https:\/\/woodipol.com\/en\/wp-json\/wp\/v2\/product"}],"about":[{"href":"https:\/\/woodipol.com\/en\/wp-json\/wp\/v2\/types\/product"}],"version-history":[{"count":3,"href":"https:\/\/woodipol.com\/en\/wp-json\/wp\/v2\/product\/2358\/revisions"}],"predecessor-version":[{"id":2363,"href":"https:\/\/woodipol.com\/en\/wp-json\/wp\/v2\/product\/2358\/revisions\/2363"}],"wp:featuredmedia":[{"embeddable":true,"href":"https:\/\/woodipol.com\/en\/wp-json\/wp\/v2\/media\/2360"}],"wp:attachment":[{"href":"https:\/\/woodipol.com\/en\/wp-json\/wp\/v2\/media?parent=2358"}],"wp:term":[{"taxonomy":"product_brand","embeddable":true,"href":"https:\/\/woodipol.com\/en\/wp-json\/wp\/v2\/product_brand?post=2358"},{"taxonomy":"product_cat","embeddable":true,"href":"https:\/\/woodipol.com\/en\/wp-json\/wp\/v2\/product_cat?post=2358"},{"taxonomy":"product_tag","embeddable":true,"href":"https:\/\/woodipol.com\/en\/wp-json\/wp\/v2\/product_tag?post=2358"}],"curies":[{"name":"wp","href":"https:\/\/api.w.org\/{rel}","templated":true}]}}